{"id":122,"date":"2021-03-15T11:14:11","date_gmt":"2021-03-15T11:14:11","guid":{"rendered":"http:\/\/alternativefuture.ch\/?page_id=122"},"modified":"2023-09-17T13:32:04","modified_gmt":"2023-09-17T13:32:04","slug":"our-stockists","status":"publish","type":"page","link":"https:\/\/alternativefuture.ch\/index.php\/our-stockists\/","title":{"rendered":"Our Stockists"},"content":{"rendered":"<h2>Our Stockists<\/h2>\n<h2>La Calebasse<\/h2>\n<p>Rue Saint-Joseph 14<br \/>\n1227 Carouge<\/p>\n<h2>Suppl\u00e9ment d&#8217;\u00c2me<\/h2>\n<p>Rue de la Terrassi\u00e8re 11<br \/>\n1207 Geneva<\/p>\n<h2>\u00c9picerie Sputnik<\/h2>\n<p>Rue de la Servette 71<br \/>\n1202 Geneva<\/p>\n<h2>\u00c9picerie Lyzamir<\/h2>\n<p>Rue des Corps-Saints, 3<br \/>\n1201 Geneva<\/p>\n","protected":false},"excerpt":{"rendered":"<p>Our Stockists La Calebasse Rue Saint-Joseph 14 1227 Carouge Suppl\u00e9ment d&#8217;\u00c2me Rue de la Terrassi\u00e8re 11 1207 Geneva \u00c9picerie Sputnik Rue de la Servette 71 1202 Geneva \u00c9picerie Lyzamir Rue des Corps-Saints, 3 1201 Geneva<\/p>\n","protected":false},"author":1,"featured_media":0,"parent":0,"menu_order":0,"comment_status":"closed","ping_status":"closed","template":"","meta":{"footnotes":""},"class_list":["post-122","page","type-page","status-publish","hentry","entry"],"_links":{"self":[{"href":"https:\/\/alternativefuture.ch\/index.php\/wp-json\/wp\/v2\/pages\/122","targetHints":{"allow":["GET"]}}],"collection":[{"href":"https:\/\/alternativefuture.ch\/index.php\/wp-json\/wp\/v2\/pages"}],"about":[{"href":"https:\/\/alternativefuture.ch\/index.php\/wp-json\/wp\/v2\/types\/page"}],"author":[{"embeddable":true,"href":"https:\/\/alternativefuture.ch\/index.php\/wp-json\/wp\/v2\/users\/1"}],"replies":[{"embeddable":true,"href":"https:\/\/alternativefuture.ch\/index.php\/wp-json\/wp\/v2\/comments?post=122"}],"version-history":[{"count":24,"href":"https:\/\/alternativefuture.ch\/index.php\/wp-json\/wp\/v2\/pages\/122\/revisions"}],"predecessor-version":[{"id":653,"href":"https:\/\/alternativefuture.ch\/index.php\/wp-json\/wp\/v2\/pages\/122\/revisions\/653"}],"wp:attachment":[{"href":"https:\/\/alternativefuture.ch\/index.php\/wp-json\/wp\/v2\/media?parent=122"}],"curies":[{"name":"wp","href":"https:\/\/api.w.org\/{rel}","templated":true}]}}